{"id":22,"date":"2018-01-03T20:36:09","date_gmt":"2018-01-03T18:36:09","guid":{"rendered":"http:\/\/burnout-hilfe-lehrer.de\/?page_id=22"},"modified":"2018-01-03T20:51:31","modified_gmt":"2018-01-03T18:51:31","slug":"ueber-mich","status":"publish","type":"page","link":"https:\/\/burnout-hilfe-lehrer.de\/?page_id=22","title":{"rendered":"Ihr Ansprechpartner"},"content":{"rendered":"<p><strong><a href=\"http:\/\/burnout-hilfe-lehrer.de\/wp-9a82d-content\/uploads\/2018\/01\/Wolfgang-H\u00fcbner.jpg\"><img decoding=\"async\" loading=\"lazy\" class=\"size-medium wp-image-28 alignright\" src=\"http:\/\/burnout-hilfe-lehrer.de\/wp-9a82d-content\/uploads\/2018\/01\/Wolfgang-H\u00fcbner-210x300.jpg\" alt=\"\" width=\"210\" height=\"300\" srcset=\"https:\/\/burnout-hilfe-lehrer.de\/wp-9a82d-content\/uploads\/2018\/01\/Wolfgang-H\u00fcbner-210x300.jpg 210w, https:\/\/burnout-hilfe-lehrer.de\/wp-9a82d-content\/uploads\/2018\/01\/Wolfgang-H\u00fcbner-768x1098.jpg 768w, https:\/\/burnout-hilfe-lehrer.de\/wp-9a82d-content\/uploads\/2018\/01\/Wolfgang-H\u00fcbner-716x1024.jpg 716w, https:\/\/burnout-hilfe-lehrer.de\/wp-9a82d-content\/uploads\/2018\/01\/Wolfgang-H\u00fcbner-624x892.jpg 624w\" sizes=\"(max-width: 210px) 100vw, 210px\" \/><\/a><\/strong><strong>Wolfgang H\u00fcbner<\/strong><\/p>\n<p>Durch meine fundierte systemische und gespr\u00e4chstherapeutische Ausbildung habe ich einen gut gef\u00fcllten Methodenkoffer, in den ich je nach Bedarf und Situation greife (Systemischer Berater (SG), Systemischer Supervisor (LoB), Psych. Berater (SfG), Heilpraktiker (Psychotherapie), Kommunikationsberater (DAPR)).<\/p>\n<p>Als Stellv. Vorsitzender der Association P\u00e4dagogische Supervision, Landesverband Hessen-Rheinland-Pfalz e.V. (APS) lerne durch den Austausch mit Kollegen immer neue Perspektiven kennen, die ich als M\u00f6glichkeiten in der Therapie- oder Beratungsprozess einflie\u00dfen lassen kann.<\/p>\n<p>Acht Jahre Erfahrung in Beratung und Therapie in eigener Praxis sowie in der betrieblichen Gesundheitsf\u00f6rderung erlauben mir eine Haltung, mit der ich Sie effektiv auf dem Weg zwischen Selbst-Optimierung und Selbst-Bestimmung begleiten kann:<\/p>\n<p>\u2022 Mit dem Praxis-Schwerpunkt der professionellen Unterst\u00fctzung f\u00fcr Menschen, die in p\u00e4dagogischen Handlungsfeldern t\u00e4tig sind &#8211; durch Hypno-Systemische Psychotherapie (HPG), Beratung und Supervision, Stress-To-Flow, Gesundheitstraining, Selbsthypnosetraining \u2013 sind mir entscheidende Problemstellungen und viele L\u00f6sungsideen vertraut.<br \/>\n\u2022 Durch meine Vortr\u00e4ge und Seminare im Betrieblichen Gesundheitsmanagement (z.B. Mentales Gesundheitstraining, Resilienz, Achtsamkeit) sowie in der Erwachsenenbildung und auf Kongressen (z.B. Jahrestagung ILBS Heidelberg, SOLWorld, Teile-Therapie-Tagung, Mentale(s) St\u00e4rken) kann ich stets das Feedback von vielen Menschen in meine Arbeit einflie\u00dfen lassen.<\/p>\n<p>Da ich mich laufend weiterbilde und mit selbst supervidieren lasse, haben Sie einen Ansprechpartner, der stets im \u201estate of the art\u201c arbeitet.<\/p>\n<p>Dank meiner eigenen T\u00e4tigkeit im schulischen Bereich kenne ich auch die praktischen Aspekte dessen, was wir erarbeiten, aus eigener Erfahrung.<\/p>\n<p>Die Psychotherapie (HPG) ist grunds\u00e4tzlich erstattungsf\u00e4hig bei Beihilfe und Privater Krankenkasse. Bitte beachten Sie die Bestimmungen zur Beihilfef\u00e4higkeit sowie diejenigen Ihrer Krankenkasse.<\/p>\n<p>&nbsp;<\/p>\n","protected":false},"excerpt":{"rendered":"<p>Wolfgang H\u00fcbner Durch meine fundierte systemische und gespr\u00e4chstherapeutische Ausbildung habe ich einen gut gef\u00fcllten Methodenkoffer, in den ich je nach Bedarf und Situation greife (Systemischer Berater (SG), Systemischer Supervisor (LoB), Psych. Berater (SfG), Heilpraktiker (Psychotherapie), Kommunikationsberater (DAPR)). Als Stellv. Vorsitzender der Association P\u00e4dagogische Supervision, Landesverband Hessen-Rheinland-Pfalz e.V. (APS) lerne durch den Austausch mit Kollegen immer [&hellip;]<\/p>\n","protected":false},"author":1,"featured_media":0,"parent":0,"menu_order":3,"comment_status":"closed","ping_status":"closed","template":"","meta":[],"_links":{"self":[{"href":"https:\/\/burnout-hilfe-lehrer.de\/index.php?rest_route=\/wp\/v2\/pages\/22"}],"collection":[{"href":"https:\/\/burnout-hilfe-lehrer.de\/index.php?rest_route=\/wp\/v2\/pages"}],"about":[{"href":"https:\/\/burnout-hilfe-lehrer.de\/index.php?rest_route=\/wp\/v2\/types\/page"}],"author":[{"embeddable":true,"href":"https:\/\/burnout-hilfe-lehrer.de\/index.php?rest_route=\/wp\/v2\/users\/1"}],"replies":[{"embeddable":true,"href":"https:\/\/burnout-hilfe-lehrer.de\/index.php?rest_route=%2Fwp%2Fv2%2Fcomments&post=22"}],"version-history":[{"count":5,"href":"https:\/\/burnout-hilfe-lehrer.de\/index.php?rest_route=\/wp\/v2\/pages\/22\/revisions"}],"predecessor-version":[{"id":31,"href":"https:\/\/burnout-hilfe-lehrer.de\/index.php?rest_route=\/wp\/v2\/pages\/22\/revisions\/31"}],"wp:attachment":[{"href":"https:\/\/burnout-hilfe-lehrer.de\/index.php?rest_route=%2Fwp%2Fv2%2Fmedia&parent=22"}],"curies":[{"name":"wp","href":"https:\/\/api.w.org\/{rel}","templated":true}]}}