{"id":9,"date":"2018-01-03T19:01:50","date_gmt":"2018-01-03T18:01:50","guid":{"rendered":"http:\/\/burnout-hilfe-lehrer.de\/?page_id=9"},"modified":"2023-08-07T01:13:44","modified_gmt":"2023-08-06T23:13:44","slug":"impressum","status":"publish","type":"page","link":"https:\/\/burnout-hilfe-lehrer.de\/?page_id=9","title":{"rendered":"Impressum"},"content":{"rendered":"<p class=\"bodytext\">Praxis H\u00fcbner<br \/>\nWolfgang H\u00fcbner<br \/>\n<i>Heilpraktiker (Psychotherapie)<br \/>\nErlaubnis des Gesundheitsamts Mainz<br \/>\n<\/i><br \/>\nBeethovenstr. 8<br \/>\n68165 Mannheim<\/p>\n<p>Telefon: 06 21-43 73 92 07<br \/>\neMail:\u00a0<a class=\"mail\" title=\"Schreiben Sie uns\">info[at]burnout-hilfe-lehrer.de<\/a><\/p>\n<p class=\"bodytext\">USt-IdNr DE361868678<\/p>\n<p class=\"bodytext\">Inhaltlich verantwortlich: Wolfgang H\u00fcbner, Anschrift s.o.<\/p>\n<p class=\"bodytext\"><b>Haftungsausschluss<\/b><br \/>\nInhalte dieser Website Die Inhalte dieser Website werden mit gr\u00f6\u00dftm\u00f6glicher Sorgfalt erstellt. Der Anbieter \u00fcbernimmt jedoch keine Haftung f\u00fcr die Richtigkeit, Vollst\u00e4ndigkeit und Aktualit\u00e4t der bereit gestellten Inhalte. Etwaige Beitr\u00e4ge Dritter geben die Meinung des jeweiligen Autors wieder. Der Anbieter beh\u00e4lt sich das Recht vor, sein Angebot jederzeit zu \u00e4ndern oder einzustellen. Die Nutzung des Internets erfolgt auf eigene Gefahr des Nutzers.<\/p>\n<p class=\"bodytext\"><b>Urheberrecht<\/b><br \/>\nAlle Texte und Bilder auf dieser Internetpr\u00e4senz unterliegen dem Urheberrecht. Sie d\u00fcrfen ohne Zustimmung des Rechteinhabers nicht heruntergeladen, weiterverwendet oder ver\u00f6ffentlicht werden. Die Rechte f\u00fcr die Texte und Bilder liegen bei Wolfgang H\u00fcbner so weit nichts anderes vermerkt ist. Die Rechte der Bilder in der Kopfzeile liegen bei fotolia.de.<\/p>\n<p class=\"bodytext\"><b>Externe Links\u00a0<\/b><br \/>\nDiese Website enth\u00e4lt Verkn\u00fcpfungen zu Websites Dritter (externe Links). Diese Websites unterliegen der Haftung der jeweiligen Betreiber. F\u00fcr alle diese Links gilt: Der Anbieter erkl\u00e4rt ausdr\u00fccklich, dass er keinerlei Einfluss auf die aktuelle und zuk\u00fcnftige Gestaltung und die Inhalte der gelinkten Seiten habe. Deshalb distanziert er sich hiermit ausdr\u00fccklich von allen Inhalten der gelinkten Seiten und macht sich diese Inhalte nicht zu eigen. Diese Erkl\u00e4rung gilt f\u00fcr alle auf unseren Seiten angezeigten Links und f\u00fcr alle Inhalte der Seiten, zu denen die bei uns angemeldeten Banner und Links f\u00fchren. Eine st\u00e4ndige Kontrolle dieser externen Links ist f\u00fcr den Anbieter ohne konkrete Hinweise auf Rechtsverst\u00f6\u00dfe nicht zumutbar. Bei Kenntnis von Rechtsverst\u00f6\u00dfen werden jedoch derartige externe Links unverz\u00fcglich gel\u00f6scht.<\/p>\n<p class=\"bodytext\"><b>Sonstige Haftung\u00a0<\/b><br \/>\nMit der Nutzung der Website des Anbieters kommt keinerlei Vertragsverh\u00e4ltnis zwischen dem Nutzer und dem Anbieter zustande. Insofern ergeben sich auch keinerlei vertragliche oder quasivertragliche Anspr\u00fcche gegen den Anbieter.<\/p>\n","protected":false},"excerpt":{"rendered":"<p>Praxis H\u00fcbner Wolfgang H\u00fcbner Heilpraktiker (Psychotherapie) Erlaubnis des Gesundheitsamts Mainz Beethovenstr. 8 68165 Mannheim Telefon: 06 21-43 73 92 07 eMail:\u00a0info[at]burnout-hilfe-lehrer.de USt-IdNr DE361868678 Inhaltlich verantwortlich: Wolfgang H\u00fcbner, Anschrift s.o. Haftungsausschluss Inhalte dieser Website Die Inhalte dieser Website werden mit gr\u00f6\u00dftm\u00f6glicher Sorgfalt erstellt. Der Anbieter \u00fcbernimmt jedoch keine Haftung f\u00fcr die Richtigkeit, Vollst\u00e4ndigkeit und Aktualit\u00e4t der [&hellip;]<\/p>\n","protected":false},"author":1,"featured_media":0,"parent":0,"menu_order":10,"comment_status":"closed","ping_status":"closed","template":"","meta":[],"_links":{"self":[{"href":"https:\/\/burnout-hilfe-lehrer.de\/index.php?rest_route=\/wp\/v2\/pages\/9"}],"collection":[{"href":"https:\/\/burnout-hilfe-lehrer.de\/index.php?rest_route=\/wp\/v2\/pages"}],"about":[{"href":"https:\/\/burnout-hilfe-lehrer.de\/index.php?rest_route=\/wp\/v2\/types\/page"}],"author":[{"embeddable":true,"href":"https:\/\/burnout-hilfe-lehrer.de\/index.php?rest_route=\/wp\/v2\/users\/1"}],"replies":[{"embeddable":true,"href":"https:\/\/burnout-hilfe-lehrer.de\/index.php?rest_route=%2Fwp%2Fv2%2Fcomments&post=9"}],"version-history":[{"count":5,"href":"https:\/\/burnout-hilfe-lehrer.de\/index.php?rest_route=\/wp\/v2\/pages\/9\/revisions"}],"predecessor-version":[{"id":113,"href":"https:\/\/burnout-hilfe-lehrer.de\/index.php?rest_route=\/wp\/v2\/pages\/9\/revisions\/113"}],"wp:attachment":[{"href":"https:\/\/burnout-hilfe-lehrer.de\/index.php?rest_route=%2Fwp%2Fv2%2Fmedia&parent=9"}],"curies":[{"name":"wp","href":"https:\/\/api.w.org\/{rel}","templated":true}]}}